{"id":9642,"date":"2023-06-26T12:40:56","date_gmt":"2023-06-26T12:40:56","guid":{"rendered":"https:\/\/sentiero-calanca.omsetzig.ch\/impronta\/"},"modified":"2024-03-06T14:18:45","modified_gmt":"2024-03-06T14:18:45","slug":"impronta","status":"publish","type":"page","link":"https:\/\/sentiero-calanca.ch\/it\/impronta\/","title":{"rendered":"Impronta"},"content":{"rendered":"\t\t<div data-elementor-type=\"wp-page\" data-elementor-id=\"9642\" class=\"elementor elementor-9642 elementor-7876\">\n\t\t\t\t\t\t<section class=\"elementor-section elementor-top-section elementor-element elementor-element-4cb5cf7 elementor-section-boxed elementor-section-height-default elementor-section-height-default qodef-elementor-content-no\" data-id=\"4cb5cf7\" data-element_type=\"section\">\n\t\t\t\t\t\t<div class=\"elementor-container elementor-column-gap-default\">\n\t\t\t\t\t<div class=\"elementor-column elementor-col-100 elementor-top-column elementor-element elementor-element-d6d7d44\" data-id=\"d6d7d44\" data-element_type=\"column\">\n\t\t\t<div class=\"elementor-widget-wrap elementor-element-populated\">\n\t\t\t\t\t\t<div class=\"elementor-element elementor-element-824228e elementor-widget elementor-widget-text-editor\" data-id=\"824228e\" data-element_type=\"widget\" data-widget_type=\"text-editor.default\">\n\t\t\t\t<div class=\"elementor-widget-container\">\n\t\t\t\t\t\t\t<header class=\"page-header\">\n<h1 class=\"entry-title\">Impronta<\/h1>\n<\/header>\n<div class=\"page-content\">\n<div class=\"elementor elementor-864\" data-elementor-type=\"wp-page\" data-elementor-id=\"864\">\n<section class=\"elementor-section elementor-top-section elementor-element elementor-element-c4089ff intro-text width-10 no-bg elementor-section-boxed elementor-section-height-default elementor-section-height-default\" data-id=\"c4089ff\" data-element_type=\"section\">\n<div class=\"elementor-container elementor-column-gap-default\">\n<div class=\"elementor-column elementor-col-100 elementor-top-column elementor-element elementor-element-4d7d90d\" data-id=\"4d7d90d\" data-element_type=\"column\">\n<div class=\"elementor-widget-wrap elementor-element-populated\">\n<div class=\"elementor-element elementor-element-69da65c elementor-widget elementor-widget-text-editor\" data-id=\"69da65c\" data-element_type=\"widget\" data-widget_type=\"text-editor.default\">\n<div class=\"elementor-widget-container\">\n<div class=\"ce_text block\">\n<h3>Titolare<\/h3>\n<p><strong>ASAC<br \/><\/strong>Associazione Sentieri Alpini Calanca<br \/>6548 Rossa<\/p>\n<p>T +41 91 828 14 67<br \/>M <a title=\"Invia un'e-mail a aggesellschaft\" href=\"mailto:huettenwart@sentiero-calanca.ch\">huettenwart@sentiero-calanca.ch<\/a><\/p>\n<\/div>\n<div class=\"ce_text block\">\n<h3>Progettazione e realizzazione<\/h3>\n<p><strong>Uno e mezzo.ch<\/strong><br \/>Strada delle caserme 64<br \/>9100 Herisau<\/p>\n<p>T <a href=\"tel:0041713546421\">+41 71 354 64 21<\/a><br \/><a href=\"http:\/\/www.anderthalb.ch\/\" target=\"_blank\" rel=\"noopener\">www.Anderthalb.ch<\/a><\/p>\n<\/div>\n<div class=\"ce_text block\">\n<h3>Dichiarazione di non responsabilit\u00e0<\/h3>\n<p>AGG non si assume alcuna responsabilit\u00e0 per l&#8217;attualit\u00e0, la correttezza, la completezza o la qualit\u00e0 delle informazioni fornite. Le richieste di responsabilit\u00e0 nei confronti di AGG relative a danni materiali o immateriali causati dall&#8217;uso o dal mancato uso delle informazioni fornite o dall&#8217;uso di informazioni errate o incomplete sono fondamentalmente escluse, a meno che non vi siano prove di dolo o colpa grave da parte di AGG. Tutte le offerte sono soggette a modifiche e non sono vincolanti. L&#8217;autore si riserva espressamente il diritto di modificare, integrare o cancellare parti delle pagine o l&#8217;intera offerta senza preavviso o di interrompere temporaneamente o definitivamente la pubblicazione.<\/p>\n<\/div>\n<div class=\"ce_text block\">\n<h3>Responsabilit\u00e0 per i link<\/h3>\n<p>Il nostro sito web contiene link a siti web esterni di terzi sui cui contenuti non abbiamo alcuna influenza.<br \/>Pertanto, non possiamo accettare alcuna responsabilit\u00e0 per questi contenuti di terzi. Il rispettivo fornitore o gestore delle pagine \u00e8 sempre responsabile del contenuto delle pagine collegate. Le pagine collegate sono state controllate per verificare eventuali violazioni legali al momento del collegamento. I contenuti illegali non erano riconoscibili al momento del collegamento.<\/p>\n<p>Tuttavia, il monitoraggio permanente del contenuto delle pagine collegate non \u00e8 ragionevole senza prove concrete di una violazione. Se veniamo a conoscenza di eventuali violazioni legali, rimuoveremo immediatamente tali link.<\/p>\n<\/div>\n<div class=\"ce_text block\">\n<h3>Copyright \/ Copyright<\/h3>\n<p>I contenuti e le opere create dagli operatori del sito su queste pagine sono soggetti a copyright. La riproduzione, la modifica, la distribuzione e qualsiasi tipo di utilizzo al di fuori dei limiti della legge sul copyright richiedono il consenso scritto del rispettivo autore o creatore.<br \/>Download e copie di questo sito sono consentiti solo per uso privato e non commerciale.<br \/>Nella misura in cui i contenuti di questo sito non sono stati creati dall&#8217;operatore, si rispettano i diritti d&#8217;autore di terzi. In particolare, i contenuti di terze parti sono etichettati come tali. Se tuttavia doveste venire a conoscenza di una violazione del copyright, vi preghiamo di informarci di conseguenza. Se veniamo a conoscenza di eventuali violazioni legali, rimuoveremo immediatamente tali contenuti.<\/p>\n<\/div>\n<\/div>\n<\/div>\n<\/div>\n<\/div>\n<\/div>\n<\/section>\n<\/div>\n<\/div>\n\t\t\t\t\t\t<\/div>\n\t\t\t\t<\/div>\n\t\t\t\t\t<\/div>\n\t\t<\/div>\n\t\t\t\t\t<\/div>\n\t\t<\/section>\n\t\t\t\t<\/div>\n\t\t","protected":false},"excerpt":{"rendered":"<p>Impronta Titolare ASACAssociazione Sentieri Alpini Calanca6548 Rossa T +41 91 828 14 67M huettenwart@sentiero-calanca.ch Progettazione e realizzazione Uno e mezzo.chStrada delle caserme 649100 Herisau T +41 71 354 64 21www.Anderthalb.ch Dichiarazione di non responsabilit\u00e0 AGG non si assume alcuna responsabilit\u00e0 per l&#8217;attualit\u00e0, la correttezza, la completezza o la qualit\u00e0 delle informazioni fornite. Le richieste di [&hellip;]<\/p>\n","protected":false},"author":1,"featured_media":0,"parent":0,"menu_order":0,"comment_status":"closed","ping_status":"closed","template":"page-full-width.php","meta":{"footnotes":""},"class_list":["post-9642","page","type-page","status-publish","hentry"],"yoast_head":"<!-- This site is optimized with the Yoast SEO plugin v23.8 - https:\/\/yoast.com\/wordpress\/plugins\/seo\/ -->\n<title>Impronta - Sentiero Calanca<\/title>\n<meta name=\"robots\" content=\"index, follow, max-snippet:-1, max-image-preview:large, max-video-preview:-1\" \/>\n<link rel=\"canonical\" href=\"https:\/\/sentiero-calanca.ch\/it\/impronta\/\" \/>\n<meta property=\"og:locale\" content=\"it_IT\" \/>\n<meta property=\"og:type\" content=\"article\" \/>\n<meta property=\"og:title\" content=\"Impronta - Sentiero Calanca\" \/>\n<meta property=\"og:description\" content=\"Impronta Titolare ASACAssociazione Sentieri Alpini Calanca6548 Rossa T +41 91 828 14 67M huettenwart@sentiero-calanca.ch Progettazione e realizzazione Uno e mezzo.chStrada delle caserme 649100 Herisau T +41 71 354 64 21www.Anderthalb.ch Dichiarazione di non responsabilit\u00e0 AGG non si assume alcuna responsabilit\u00e0 per l&#8217;attualit\u00e0, la correttezza, la completezza o la qualit\u00e0 delle informazioni fornite. Le richieste di [&hellip;]\" \/>\n<meta property=\"og:url\" content=\"https:\/\/sentiero-calanca.ch\/it\/impronta\/\" \/>\n<meta property=\"og:site_name\" content=\"Sentiero Calanca\" \/>\n<meta property=\"article:modified_time\" content=\"2024-03-06T14:18:45+00:00\" \/>\n<meta name=\"twitter:card\" content=\"summary_large_image\" \/>\n<meta name=\"twitter:label1\" content=\"Tempo di lettura stimato\" \/>\n\t<meta name=\"twitter:data1\" content=\"2 minuti\" \/>\n<script type=\"application\/ld+json\" class=\"yoast-schema-graph\">{\"@context\":\"https:\/\/schema.org\",\"@graph\":[{\"@type\":\"WebPage\",\"@id\":\"https:\/\/sentiero-calanca.ch\/it\/impronta\/\",\"url\":\"https:\/\/sentiero-calanca.ch\/it\/impronta\/\",\"name\":\"Impronta - Sentiero Calanca\",\"isPartOf\":{\"@id\":\"https:\/\/sentiero-calanca.ch\/it\/#website\"},\"datePublished\":\"2023-06-26T12:40:56+00:00\",\"dateModified\":\"2024-03-06T14:18:45+00:00\",\"breadcrumb\":{\"@id\":\"https:\/\/sentiero-calanca.ch\/it\/impronta\/#breadcrumb\"},\"inLanguage\":\"it-IT\",\"potentialAction\":[{\"@type\":\"ReadAction\",\"target\":[\"https:\/\/sentiero-calanca.ch\/it\/impronta\/\"]}]},{\"@type\":\"BreadcrumbList\",\"@id\":\"https:\/\/sentiero-calanca.ch\/it\/impronta\/#breadcrumb\",\"itemListElement\":[{\"@type\":\"ListItem\",\"position\":1,\"name\":\"Startseite\",\"item\":\"https:\/\/sentiero-calanca.ch\/it\/\"},{\"@type\":\"ListItem\",\"position\":2,\"name\":\"Impronta\"}]},{\"@type\":\"WebSite\",\"@id\":\"https:\/\/sentiero-calanca.ch\/it\/#website\",\"url\":\"https:\/\/sentiero-calanca.ch\/it\/\",\"name\":\"Sentiero Calanca\",\"description\":\"\",\"publisher\":{\"@id\":\"https:\/\/sentiero-calanca.ch\/it\/#organization\"},\"potentialAction\":[{\"@type\":\"SearchAction\",\"target\":{\"@type\":\"EntryPoint\",\"urlTemplate\":\"https:\/\/sentiero-calanca.ch\/it\/?s={search_term_string}\"},\"query-input\":{\"@type\":\"PropertyValueSpecification\",\"valueRequired\":true,\"valueName\":\"search_term_string\"}}],\"inLanguage\":\"it-IT\"},{\"@type\":\"Organization\",\"@id\":\"https:\/\/sentiero-calanca.ch\/it\/#organization\",\"name\":\"Sentiero Calanca\",\"url\":\"https:\/\/sentiero-calanca.ch\/it\/\",\"logo\":{\"@type\":\"ImageObject\",\"inLanguage\":\"it-IT\",\"@id\":\"https:\/\/sentiero-calanca.ch\/it\/#\/schema\/logo\/image\/\",\"url\":\"https:\/\/sentiero-calanca.ch\/wp-content\/uploads\/2023\/06\/logo-dark.png\",\"contentUrl\":\"https:\/\/sentiero-calanca.ch\/wp-content\/uploads\/2023\/06\/logo-dark.png\",\"width\":96,\"height\":100,\"caption\":\"Sentiero Calanca\"},\"image\":{\"@id\":\"https:\/\/sentiero-calanca.ch\/it\/#\/schema\/logo\/image\/\"}}]}<\/script>\n<!-- \/ Yoast SEO plugin. -->","yoast_head_json":{"title":"Impronta - Sentiero Calanca","robots":{"index":"index","follow":"follow","max-snippet":"max-snippet:-1","max-image-preview":"max-image-preview:large","max-video-preview":"max-video-preview:-1"},"canonical":"https:\/\/sentiero-calanca.ch\/it\/impronta\/","og_locale":"it_IT","og_type":"article","og_title":"Impronta - Sentiero Calanca","og_description":"Impronta Titolare ASACAssociazione Sentieri Alpini Calanca6548 Rossa T +41 91 828 14 67M huettenwart@sentiero-calanca.ch Progettazione e realizzazione Uno e mezzo.chStrada delle caserme 649100 Herisau T +41 71 354 64 21www.Anderthalb.ch Dichiarazione di non responsabilit\u00e0 AGG non si assume alcuna responsabilit\u00e0 per l&#8217;attualit\u00e0, la correttezza, la completezza o la qualit\u00e0 delle informazioni fornite. Le richieste di [&hellip;]","og_url":"https:\/\/sentiero-calanca.ch\/it\/impronta\/","og_site_name":"Sentiero Calanca","article_modified_time":"2024-03-06T14:18:45+00:00","twitter_card":"summary_large_image","twitter_misc":{"Tempo di lettura stimato":"2 minuti"},"schema":{"@context":"https:\/\/schema.org","@graph":[{"@type":"WebPage","@id":"https:\/\/sentiero-calanca.ch\/it\/impronta\/","url":"https:\/\/sentiero-calanca.ch\/it\/impronta\/","name":"Impronta - Sentiero Calanca","isPartOf":{"@id":"https:\/\/sentiero-calanca.ch\/it\/#website"},"datePublished":"2023-06-26T12:40:56+00:00","dateModified":"2024-03-06T14:18:45+00:00","breadcrumb":{"@id":"https:\/\/sentiero-calanca.ch\/it\/impronta\/#breadcrumb"},"inLanguage":"it-IT","potentialAction":[{"@type":"ReadAction","target":["https:\/\/sentiero-calanca.ch\/it\/impronta\/"]}]},{"@type":"BreadcrumbList","@id":"https:\/\/sentiero-calanca.ch\/it\/impronta\/#breadcrumb","itemListElement":[{"@type":"ListItem","position":1,"name":"Startseite","item":"https:\/\/sentiero-calanca.ch\/it\/"},{"@type":"ListItem","position":2,"name":"Impronta"}]},{"@type":"WebSite","@id":"https:\/\/sentiero-calanca.ch\/it\/#website","url":"https:\/\/sentiero-calanca.ch\/it\/","name":"Sentiero Calanca","description":"","publisher":{"@id":"https:\/\/sentiero-calanca.ch\/it\/#organization"},"potentialAction":[{"@type":"SearchAction","target":{"@type":"EntryPoint","urlTemplate":"https:\/\/sentiero-calanca.ch\/it\/?s={search_term_string}"},"query-input":{"@type":"PropertyValueSpecification","valueRequired":true,"valueName":"search_term_string"}}],"inLanguage":"it-IT"},{"@type":"Organization","@id":"https:\/\/sentiero-calanca.ch\/it\/#organization","name":"Sentiero Calanca","url":"https:\/\/sentiero-calanca.ch\/it\/","logo":{"@type":"ImageObject","inLanguage":"it-IT","@id":"https:\/\/sentiero-calanca.ch\/it\/#\/schema\/logo\/image\/","url":"https:\/\/sentiero-calanca.ch\/wp-content\/uploads\/2023\/06\/logo-dark.png","contentUrl":"https:\/\/sentiero-calanca.ch\/wp-content\/uploads\/2023\/06\/logo-dark.png","width":96,"height":100,"caption":"Sentiero Calanca"},"image":{"@id":"https:\/\/sentiero-calanca.ch\/it\/#\/schema\/logo\/image\/"}}]}},"_links":{"self":[{"href":"https:\/\/sentiero-calanca.ch\/it\/wp-json\/wp\/v2\/pages\/9642"}],"collection":[{"href":"https:\/\/sentiero-calanca.ch\/it\/wp-json\/wp\/v2\/pages"}],"about":[{"href":"https:\/\/sentiero-calanca.ch\/it\/wp-json\/wp\/v2\/types\/page"}],"author":[{"embeddable":true,"href":"https:\/\/sentiero-calanca.ch\/it\/wp-json\/wp\/v2\/users\/1"}],"replies":[{"embeddable":true,"href":"https:\/\/sentiero-calanca.ch\/it\/wp-json\/wp\/v2\/comments?post=9642"}],"version-history":[{"count":0,"href":"https:\/\/sentiero-calanca.ch\/it\/wp-json\/wp\/v2\/pages\/9642\/revisions"}],"wp:attachment":[{"href":"https:\/\/sentiero-calanca.ch\/it\/wp-json\/wp\/v2\/media?parent=9642"}],"curies":[{"name":"wp","href":"https:\/\/api.w.org\/{rel}","templated":true}]}}