{"id":9641,"date":"2021-06-10T08:05:45","date_gmt":"2021-06-10T08:05:45","guid":{"rendered":"https:\/\/sentiero-calanca.omsetzig.ch\/chi-siamo\/"},"modified":"2024-03-22T07:31:35","modified_gmt":"2024-03-22T07:31:35","slug":"chi-siamo","status":"publish","type":"page","link":"https:\/\/sentiero-calanca.ch\/it\/chi-siamo\/","title":{"rendered":"Chi siamo"},"content":{"rendered":"\t\t<div data-elementor-type=\"wp-page\" data-elementor-id=\"9641\" class=\"elementor elementor-9641 elementor-1530\">\n\t\t\t\t\t\t<section class=\"elementor-section elementor-top-section elementor-element elementor-element-e566c9d elementor-section-full_width qodef-elementor-content-grid elementor-section-height-default elementor-section-height-default\" data-id=\"e566c9d\" data-element_type=\"section\">\n\t\t\t\t\t\t<div class=\"elementor-container elementor-column-gap-default\">\n\t\t\t\t\t<div class=\"elementor-column elementor-col-100 elementor-top-column elementor-element elementor-element-09f075c\" data-id=\"09f075c\" data-element_type=\"column\">\n\t\t\t<div class=\"elementor-widget-wrap elementor-element-populated\">\n\t\t\t\t\t\t<div class=\"elementor-element elementor-element-376887b elementor-widget elementor-widget-kamperen_core_section_title\" data-id=\"376887b\" data-element_type=\"widget\" data-widget_type=\"kamperen_core_section_title.default\">\n\t\t\t\t<div class=\"elementor-widget-container\">\n\t\t\t<div class=\"qodef-shortcode qodef-m  qodef-section-title qodef-alignment--center \">\n\t\t<div class=\"qodef-m-tagline-mark\" >\n\t\tASAC\t<\/div>\n\t\t<h2 class=\"qodef-m-title\" >\n\t\t\t\t\tAppartenenza\t\t\t<\/h2>\n\t<\/div>\n\t\t<\/div>\n\t\t\t\t<\/div>\n\t\t\t\t<div class=\"elementor-element elementor-element-16e6bb9 elementor-widget elementor-widget-text-editor\" data-id=\"16e6bb9\" data-element_type=\"widget\" data-widget_type=\"text-editor.default\">\n\t\t\t\t<div class=\"elementor-widget-container\">\n\t\t\t\t\t\t\t<p>Siete entusiasti dell&#8217;Alta Via della Calanca? Volete partecipare al nostro lavoro? Siete interessati a ricevere regolarmente la nostra newsletter? Ti piacerebbe anche lavorare per l&#8217;ASAC di tanto in tanto? Allora dovete diventare membri dell&#8217;ASAC!<br \/>Cos&#8217;altro c&#8217;\u00e8 da sapere?<br \/>Il contributo annuale ammonta a fr. 40.&#8211; (coppie sposate 60.&#8211; CHF). La nostra ricompensa: 2-3 newsletter, buoni per pernottare gratuitamente nei rifugi e nei bivacchi dell&#8217;ASAC. Gli incarichi di lavoro sono volontari. Ci sono varie possibilit\u00e0, come progetti di costruzione di sentieri, segnaletica, costruzione di &#8220;ometti&#8221; di pietre, aiuto nella costruzione di capanne.<\/p><p>Come si diventa membri dell&#8217;ASAC?<br \/>\u00c8 molto semplice! Compilate il seguente modulo e cliccate su Invia. Lo riceverete nei prossimi giorni:<\/p><p>&#8211; una lettera di benvenuto<br \/>&#8211; una descrizione del percorso<br \/>&#8211; lo statuto dell&#8217;ASAC<br \/>&#8211; l&#8217;ultimo numero della Newsletter ASAC<\/p>\t\t\t\t\t\t<\/div>\n\t\t\t\t<\/div>\n\t\t\t\t<div class=\"elementor-element elementor-element-479e35d elementor-widget elementor-widget-kamperen_core_button\" data-id=\"479e35d\" data-element_type=\"widget\" data-widget_type=\"kamperen_core_button.default\">\n\t\t\t\t<div class=\"elementor-widget-container\">\n\t\t\t<a class=\"qodef-shortcode qodef-m  qodef-button qodef-layout--textual  qodef-html--link\" href=\"\/it\/membri-dellasac\/\" target=\"_self\"  >\n\t<span class=\"qodef-m-text\">diventare membro<\/span>\n\t<span class=\"qodef-m-icon\">\n\t\t<svg xmlns=\"http:\/\/www.w3.org\/2000\/svg\" width=\"20.053\" height=\"10.039\" viewBox=\"0 0 20.053 10.039\">\n\t\t\t  <path d=\"M17.474,11.444a.683.683,0,0,0-.005.962l3.179,3.184H3.549a.68.68,0,0,0,0,1.359H20.643l-3.179,3.184a.688.688,0,0,0,.005.962.677.677,0,0,0,.957-.005l4.308-4.34h0a.763.763,0,0,0,.141-.214.649.649,0,0,0,.052-.261.681.681,0,0,0-.193-.476l-4.308-4.34A.666.666,0,0,0,17.474,11.444Z\" transform=\"translate(-2.875 -11.252)\"\/>\n\t\t<\/svg>\n\t<\/span>\n<\/a>\t\t<\/div>\n\t\t\t\t<\/div>\n\t\t\t\t\t<\/div>\n\t\t<\/div>\n\t\t\t\t\t<\/div>\n\t\t<\/section>\n\t\t\t\t<section class=\"elementor-section elementor-top-section elementor-element elementor-element-e7b4208 elementor-section-full_width qodef-elementor-content-grid elementor-section-height-default elementor-section-height-default\" data-id=\"e7b4208\" data-element_type=\"section\" data-settings=\"{&quot;background_background&quot;:&quot;classic&quot;}\">\n\t\t\t\t\t\t<div class=\"elementor-container elementor-column-gap-default\">\n\t\t\t\t\t<div class=\"elementor-column elementor-col-100 elementor-top-column elementor-element elementor-element-ffe76b2\" data-id=\"ffe76b2\" data-element_type=\"column\">\n\t\t\t<div class=\"elementor-widget-wrap elementor-element-populated\">\n\t\t\t\t\t\t<div class=\"elementor-element elementor-element-51f3a40 elementor-widget elementor-widget-kamperen_core_section_title\" data-id=\"51f3a40\" data-element_type=\"widget\" data-widget_type=\"kamperen_core_section_title.default\">\n\t\t\t\t<div class=\"elementor-widget-container\">\n\t\t\t<div class=\"qodef-shortcode qodef-m  qodef-section-title qodef-alignment--center \">\n\t\t<div class=\"qodef-m-tagline-mark\" >\n\t\tStoria\t<\/div>\n\t\t<h2 class=\"qodef-m-title\" >\n\t\t\t\t\tStoria\t\t\t<\/h2>\n\t<\/div>\n\t\t<\/div>\n\t\t\t\t<\/div>\n\t\t\t\t<div class=\"elementor-element elementor-element-c92854a elementor-widget elementor-widget-text-editor\" data-id=\"c92854a\" data-element_type=\"widget\" data-widget_type=\"text-editor.default\">\n\t\t\t\t<div class=\"elementor-widget-container\">\n\t\t\t\t\t\t\t<p>Il sentiero di montagna \u00e8 iniziato con l&#8217;idealismo e la perseveranza di un singolo uomo. Wilfried Graf di Binningen BL (nella foto a destra) acquist\u00f2 una casa per le vacanze a Selma nel 1973 e negli anni successivi gir\u00f2 per le montagne della Val Calanca con la sua famiglia. Poich\u00e9 i sentieri segnati sulla mappa erano quasi impossibili da trovare, Wilfried Graf e la sua famiglia hanno reso nuovamente percorribili diversi sentieri con un piccone e una coda di volpe.<br \/>Nel 1977 ha lavorato sul percorso da Bersach a Stabgel con i giovani nell&#8217;ambito di un programma di scambio internazionale di studenti. Solo ora ha avuto l&#8217;idea di creare un percorso continuo da Aion a Santa Maria. Nel 1978, sull&#8217;alpe Aion Vec si \u00e8 svolto il campo di lavoro &#8220;Moleraweg&#8221; con studenti e ragazze della scuola secondaria. La maggior parte del tratto da Aion Vec a Mottone \u00e8 stata costruita in poche settimane. Ora ha esteso il progetto a San Bernardino. Il tentativo, ampiamente fallito, di raccogliere fondi per il progetto da privati ha portato alla fondazione di un&#8217;associazione. Il 4 novembre 1978 si \u00e8 svolta a Selma la riunione di fondazione dell&#8217;Associazione Strade Alte della Calanca (ASAC), poi ribattezzata &#8220;Associazione Sentieri Alpini Calanca&#8221;. Ogni estate, fino al 1983, giovani volontari, apprendisti e scolaresche di otto Paesi hanno lavorato al completamento del Sentiero. In precedenza c&#8217;erano solo tratti di sentiero disconnessi e non curati. La costruzione del sentiero \u00e8 stata finanziata dalle quote associative dell&#8217;ASAC, alcune delle quali sono state arrotondate notevolmente.<br \/>L&#8217;associazione ha ricevuto notevoli donazioni per la costruzione del rifugio di Buffalora nel 1981. Negli anni successivi, l&#8217;ASAC ha costruito le capanne di bivacco Ganan (1983) e Pian Grand (1985). Una grave battuta d&#8217;arresto si ebbe quando una valanga spazz\u00f2 via il rifugio di Buffalora nell&#8217;aprile del 1985. Solo alla fine dell&#8217;estate del 1987 \u00e8 stata aperta la seconda capanna di legno, costruita in un luogo sicuro su una cresta. L&#8217;imponente opera, che aveva richiesto tanto entusiasmo e perseveranza, fu finalmente completata. Da allora, il compito principale dell&#8217;associazione ASAC \u00e8 stato quello di mantenere e migliorare il sentiero di montagna, la segnaletica e i tre rifugi.<\/p>\n\t\t\t\t\t\t<\/div>\n\t\t\t\t<\/div>\n\t\t\t\t\t<\/div>\n\t\t<\/div>\n\t\t\t\t\t<\/div>\n\t\t<\/section>\n\t\t\t\t<section class=\"elementor-section elementor-top-section elementor-element elementor-element-7864a255 elementor-section-full_width elementor-section-height-default elementor-section-height-default qodef-elementor-content-no\" data-id=\"7864a255\" data-element_type=\"section\" data-settings=\"{&quot;background_background&quot;:&quot;classic&quot;}\">\n\t\t\t\t\t\t<div class=\"elementor-container elementor-column-gap-no\">\n\t\t\t\t\t<div class=\"elementor-column elementor-col-100 elementor-top-column elementor-element elementor-element-e9cea32\" data-id=\"e9cea32\" data-element_type=\"column\">\n\t\t\t<div class=\"elementor-widget-wrap elementor-element-populated\">\n\t\t\t\t\t\t<div class=\"elementor-element elementor-element-e0c2afc elementor-widget elementor-widget-image\" data-id=\"e0c2afc\" data-element_type=\"widget\" data-widget_type=\"image.default\">\n\t\t\t\t<div class=\"elementor-widget-container\">\n\t\t\t\t\t\t\t\t\t\t\t\t\t<img fetchpriority=\"high\" decoding=\"async\" width=\"1024\" height=\"434\" src=\"https:\/\/sentiero-calanca.ch\/wp-content\/uploads\/2023\/07\/geschichte-1-1024x434.jpg\" class=\"attachment-large size-large wp-image-9458\" alt=\"\" srcset=\"https:\/\/sentiero-calanca.ch\/wp-content\/uploads\/2023\/07\/geschichte-1-1024x434.jpg 1024w, https:\/\/sentiero-calanca.ch\/wp-content\/uploads\/2023\/07\/geschichte-1-300x127.jpg 300w, https:\/\/sentiero-calanca.ch\/wp-content\/uploads\/2023\/07\/geschichte-1-768x325.jpg 768w, https:\/\/sentiero-calanca.ch\/wp-content\/uploads\/2023\/07\/geschichte-1-1536x651.jpg 1536w, https:\/\/sentiero-calanca.ch\/wp-content\/uploads\/2023\/07\/geschichte-1-2048x868.jpg 2048w, https:\/\/sentiero-calanca.ch\/wp-content\/uploads\/2023\/07\/geschichte-1-600x254.jpg 600w\" sizes=\"(max-width: 1024px) 100vw, 1024px\" \/>\t\t\t\t\t\t\t\t\t\t\t\t\t<\/div>\n\t\t\t\t<\/div>\n\t\t\t\t\t<\/div>\n\t\t<\/div>\n\t\t\t\t\t<\/div>\n\t\t<\/section>\n\t\t\t\t<\/div>\n\t\t","protected":false},"excerpt":{"rendered":"<p>ASAC Appartenenza Siete entusiasti dell&#8217;Alta Via della Calanca? Volete partecipare al nostro lavoro? Siete interessati a ricevere regolarmente la nostra newsletter? Ti piacerebbe anche lavorare per l&#8217;ASAC di tanto in tanto? Allora dovete diventare membri dell&#8217;ASAC!Cos&#8217;altro c&#8217;\u00e8 da sapere?Il contributo annuale ammonta a fr. 40.&#8211; (coppie sposate 60.&#8211; CHF). La nostra ricompensa: 2-3 newsletter, buoni [&hellip;]<\/p>\n","protected":false},"author":1,"featured_media":0,"parent":0,"menu_order":0,"comment_status":"closed","ping_status":"closed","template":"page-full-width.php","meta":{"footnotes":""},"class_list":["post-9641","page","type-page","status-publish","hentry"],"yoast_head":"<!-- This site is optimized with the Yoast SEO plugin v23.8 - https:\/\/yoast.com\/wordpress\/plugins\/seo\/ -->\n<title>Chi siamo - Sentiero Calanca<\/title>\n<meta name=\"robots\" content=\"index, follow, max-snippet:-1, max-image-preview:large, max-video-preview:-1\" \/>\n<link rel=\"canonical\" href=\"https:\/\/sentiero-calanca.ch\/it\/chi-siamo\/\" \/>\n<meta property=\"og:locale\" content=\"it_IT\" \/>\n<meta property=\"og:type\" content=\"article\" \/>\n<meta property=\"og:title\" content=\"Chi siamo - Sentiero Calanca\" \/>\n<meta property=\"og:description\" content=\"ASAC Appartenenza Siete entusiasti dell&#8217;Alta Via della Calanca? Volete partecipare al nostro lavoro? Siete interessati a ricevere regolarmente la nostra newsletter? Ti piacerebbe anche lavorare per l&#8217;ASAC di tanto in tanto? Allora dovete diventare membri dell&#8217;ASAC!Cos&#8217;altro c&#8217;\u00e8 da sapere?Il contributo annuale ammonta a fr. 40.&#8211; (coppie sposate 60.&#8211; CHF). La nostra ricompensa: 2-3 newsletter, buoni [&hellip;]\" \/>\n<meta property=\"og:url\" content=\"https:\/\/sentiero-calanca.ch\/it\/chi-siamo\/\" \/>\n<meta property=\"og:site_name\" content=\"Sentiero Calanca\" \/>\n<meta property=\"article:modified_time\" content=\"2024-03-22T07:31:35+00:00\" \/>\n<meta property=\"og:image\" content=\"https:\/\/sentiero-calanca.ch\/wp-content\/uploads\/2023\/07\/geschichte-1-1024x434.jpg\" \/>\n<meta name=\"twitter:card\" content=\"summary_large_image\" \/>\n<meta name=\"twitter:label1\" content=\"Tempo di lettura stimato\" \/>\n\t<meta name=\"twitter:data1\" content=\"3 minuti\" \/>\n<script type=\"application\/ld+json\" class=\"yoast-schema-graph\">{\"@context\":\"https:\/\/schema.org\",\"@graph\":[{\"@type\":\"WebPage\",\"@id\":\"https:\/\/sentiero-calanca.ch\/it\/chi-siamo\/\",\"url\":\"https:\/\/sentiero-calanca.ch\/it\/chi-siamo\/\",\"name\":\"Chi siamo - Sentiero Calanca\",\"isPartOf\":{\"@id\":\"https:\/\/sentiero-calanca.ch\/it\/#website\"},\"primaryImageOfPage\":{\"@id\":\"https:\/\/sentiero-calanca.ch\/it\/chi-siamo\/#primaryimage\"},\"image\":{\"@id\":\"https:\/\/sentiero-calanca.ch\/it\/chi-siamo\/#primaryimage\"},\"thumbnailUrl\":\"https:\/\/sentiero-calanca.ch\/wp-content\/uploads\/2023\/07\/geschichte-1-1024x434.jpg\",\"datePublished\":\"2021-06-10T08:05:45+00:00\",\"dateModified\":\"2024-03-22T07:31:35+00:00\",\"breadcrumb\":{\"@id\":\"https:\/\/sentiero-calanca.ch\/it\/chi-siamo\/#breadcrumb\"},\"inLanguage\":\"it-IT\",\"potentialAction\":[{\"@type\":\"ReadAction\",\"target\":[\"https:\/\/sentiero-calanca.ch\/it\/chi-siamo\/\"]}]},{\"@type\":\"ImageObject\",\"inLanguage\":\"it-IT\",\"@id\":\"https:\/\/sentiero-calanca.ch\/it\/chi-siamo\/#primaryimage\",\"url\":\"https:\/\/sentiero-calanca.ch\/wp-content\/uploads\/2023\/07\/geschichte-1-1024x434.jpg\",\"contentUrl\":\"https:\/\/sentiero-calanca.ch\/wp-content\/uploads\/2023\/07\/geschichte-1-1024x434.jpg\"},{\"@type\":\"BreadcrumbList\",\"@id\":\"https:\/\/sentiero-calanca.ch\/it\/chi-siamo\/#breadcrumb\",\"itemListElement\":[{\"@type\":\"ListItem\",\"position\":1,\"name\":\"Startseite\",\"item\":\"https:\/\/sentiero-calanca.ch\/it\/\"},{\"@type\":\"ListItem\",\"position\":2,\"name\":\"Chi siamo\"}]},{\"@type\":\"WebSite\",\"@id\":\"https:\/\/sentiero-calanca.ch\/it\/#website\",\"url\":\"https:\/\/sentiero-calanca.ch\/it\/\",\"name\":\"Sentiero Calanca\",\"description\":\"\",\"publisher\":{\"@id\":\"https:\/\/sentiero-calanca.ch\/it\/#organization\"},\"potentialAction\":[{\"@type\":\"SearchAction\",\"target\":{\"@type\":\"EntryPoint\",\"urlTemplate\":\"https:\/\/sentiero-calanca.ch\/it\/?s={search_term_string}\"},\"query-input\":{\"@type\":\"PropertyValueSpecification\",\"valueRequired\":true,\"valueName\":\"search_term_string\"}}],\"inLanguage\":\"it-IT\"},{\"@type\":\"Organization\",\"@id\":\"https:\/\/sentiero-calanca.ch\/it\/#organization\",\"name\":\"Sentiero Calanca\",\"url\":\"https:\/\/sentiero-calanca.ch\/it\/\",\"logo\":{\"@type\":\"ImageObject\",\"inLanguage\":\"it-IT\",\"@id\":\"https:\/\/sentiero-calanca.ch\/it\/#\/schema\/logo\/image\/\",\"url\":\"https:\/\/sentiero-calanca.ch\/wp-content\/uploads\/2023\/06\/logo-dark.png\",\"contentUrl\":\"https:\/\/sentiero-calanca.ch\/wp-content\/uploads\/2023\/06\/logo-dark.png\",\"width\":96,\"height\":100,\"caption\":\"Sentiero Calanca\"},\"image\":{\"@id\":\"https:\/\/sentiero-calanca.ch\/it\/#\/schema\/logo\/image\/\"}}]}<\/script>\n<!-- \/ Yoast SEO plugin. -->","yoast_head_json":{"title":"Chi siamo - Sentiero Calanca","robots":{"index":"index","follow":"follow","max-snippet":"max-snippet:-1","max-image-preview":"max-image-preview:large","max-video-preview":"max-video-preview:-1"},"canonical":"https:\/\/sentiero-calanca.ch\/it\/chi-siamo\/","og_locale":"it_IT","og_type":"article","og_title":"Chi siamo - Sentiero Calanca","og_description":"ASAC Appartenenza Siete entusiasti dell&#8217;Alta Via della Calanca? Volete partecipare al nostro lavoro? Siete interessati a ricevere regolarmente la nostra newsletter? Ti piacerebbe anche lavorare per l&#8217;ASAC di tanto in tanto? Allora dovete diventare membri dell&#8217;ASAC!Cos&#8217;altro c&#8217;\u00e8 da sapere?Il contributo annuale ammonta a fr. 40.&#8211; (coppie sposate 60.&#8211; CHF). La nostra ricompensa: 2-3 newsletter, buoni [&hellip;]","og_url":"https:\/\/sentiero-calanca.ch\/it\/chi-siamo\/","og_site_name":"Sentiero Calanca","article_modified_time":"2024-03-22T07:31:35+00:00","og_image":[{"url":"https:\/\/sentiero-calanca.ch\/wp-content\/uploads\/2023\/07\/geschichte-1-1024x434.jpg"}],"twitter_card":"summary_large_image","twitter_misc":{"Tempo di lettura stimato":"3 minuti"},"schema":{"@context":"https:\/\/schema.org","@graph":[{"@type":"WebPage","@id":"https:\/\/sentiero-calanca.ch\/it\/chi-siamo\/","url":"https:\/\/sentiero-calanca.ch\/it\/chi-siamo\/","name":"Chi siamo - Sentiero Calanca","isPartOf":{"@id":"https:\/\/sentiero-calanca.ch\/it\/#website"},"primaryImageOfPage":{"@id":"https:\/\/sentiero-calanca.ch\/it\/chi-siamo\/#primaryimage"},"image":{"@id":"https:\/\/sentiero-calanca.ch\/it\/chi-siamo\/#primaryimage"},"thumbnailUrl":"https:\/\/sentiero-calanca.ch\/wp-content\/uploads\/2023\/07\/geschichte-1-1024x434.jpg","datePublished":"2021-06-10T08:05:45+00:00","dateModified":"2024-03-22T07:31:35+00:00","breadcrumb":{"@id":"https:\/\/sentiero-calanca.ch\/it\/chi-siamo\/#breadcrumb"},"inLanguage":"it-IT","potentialAction":[{"@type":"ReadAction","target":["https:\/\/sentiero-calanca.ch\/it\/chi-siamo\/"]}]},{"@type":"ImageObject","inLanguage":"it-IT","@id":"https:\/\/sentiero-calanca.ch\/it\/chi-siamo\/#primaryimage","url":"https:\/\/sentiero-calanca.ch\/wp-content\/uploads\/2023\/07\/geschichte-1-1024x434.jpg","contentUrl":"https:\/\/sentiero-calanca.ch\/wp-content\/uploads\/2023\/07\/geschichte-1-1024x434.jpg"},{"@type":"BreadcrumbList","@id":"https:\/\/sentiero-calanca.ch\/it\/chi-siamo\/#breadcrumb","itemListElement":[{"@type":"ListItem","position":1,"name":"Startseite","item":"https:\/\/sentiero-calanca.ch\/it\/"},{"@type":"ListItem","position":2,"name":"Chi siamo"}]},{"@type":"WebSite","@id":"https:\/\/sentiero-calanca.ch\/it\/#website","url":"https:\/\/sentiero-calanca.ch\/it\/","name":"Sentiero Calanca","description":"","publisher":{"@id":"https:\/\/sentiero-calanca.ch\/it\/#organization"},"potentialAction":[{"@type":"SearchAction","target":{"@type":"EntryPoint","urlTemplate":"https:\/\/sentiero-calanca.ch\/it\/?s={search_term_string}"},"query-input":{"@type":"PropertyValueSpecification","valueRequired":true,"valueName":"search_term_string"}}],"inLanguage":"it-IT"},{"@type":"Organization","@id":"https:\/\/sentiero-calanca.ch\/it\/#organization","name":"Sentiero Calanca","url":"https:\/\/sentiero-calanca.ch\/it\/","logo":{"@type":"ImageObject","inLanguage":"it-IT","@id":"https:\/\/sentiero-calanca.ch\/it\/#\/schema\/logo\/image\/","url":"https:\/\/sentiero-calanca.ch\/wp-content\/uploads\/2023\/06\/logo-dark.png","contentUrl":"https:\/\/sentiero-calanca.ch\/wp-content\/uploads\/2023\/06\/logo-dark.png","width":96,"height":100,"caption":"Sentiero Calanca"},"image":{"@id":"https:\/\/sentiero-calanca.ch\/it\/#\/schema\/logo\/image\/"}}]}},"_links":{"self":[{"href":"https:\/\/sentiero-calanca.ch\/it\/wp-json\/wp\/v2\/pages\/9641"}],"collection":[{"href":"https:\/\/sentiero-calanca.ch\/it\/wp-json\/wp\/v2\/pages"}],"about":[{"href":"https:\/\/sentiero-calanca.ch\/it\/wp-json\/wp\/v2\/types\/page"}],"author":[{"embeddable":true,"href":"https:\/\/sentiero-calanca.ch\/it\/wp-json\/wp\/v2\/users\/1"}],"replies":[{"embeddable":true,"href":"https:\/\/sentiero-calanca.ch\/it\/wp-json\/wp\/v2\/comments?post=9641"}],"version-history":[{"count":3,"href":"https:\/\/sentiero-calanca.ch\/it\/wp-json\/wp\/v2\/pages\/9641\/revisions"}],"predecessor-version":[{"id":14972,"href":"https:\/\/sentiero-calanca.ch\/it\/wp-json\/wp\/v2\/pages\/9641\/revisions\/14972"}],"wp:attachment":[{"href":"https:\/\/sentiero-calanca.ch\/it\/wp-json\/wp\/v2\/media?parent=9641"}],"curies":[{"name":"wp","href":"https:\/\/api.w.org\/{rel}","templated":true}]}}